{"id":3,"date":"2020-06-18T22:17:14","date_gmt":"2020-06-18T22:17:14","guid":{"rendered":"https:\/\/colomboandpartners.com\/eng\/wp\/?page_id=3"},"modified":"2022-07-19T12:34:20","modified_gmt":"2022-07-19T12:34:20","slug":"privacy-policy","status":"publish","type":"page","link":"https:\/\/colomboandpartners.com\/eng\/privacy-policy\/","title":{"rendered":"Privacy Policy"},"content":{"rendered":"<div class=\"wpb-content-wrapper\"><p>[vc_row][vc_column][vc_column_text uncode_shortcode_id=&#8221;166937&#8243; text_color_type=&#8221;uncode-palette&#8221; text_color_solid=&#8221;#ff0000&#8243; border_color_type=&#8221;uncode-palette&#8221; border_color_solid=&#8221;#ff0000&#8243;]<\/p>\n<p id=\"u18986-2\">COLOMBO AND PARTNERS SRL\u00a0 P.I. 10426020961<\/p>\n<p id=\"u18986-4\"><strong><br \/>PRIVACY POLICY<\/strong><\/p>\n<p id=\"u18986-6\">La presente informativa viene resa in ossequio all&#8217;art. 13 del Regolamento 2016\/679 (GDPR), ai sensi dell&#8217;art. 13 del d.lgs. n. 196\/2003 (Codice in materia di protezione dei dati personali) agli utenti che accedono al sito web www.colomboandpartners.it ed \u00e8 relativa a tutti i dati personali trattati secondo le modalit\u00e0 di seguito indicate.<\/p>\n<p id=\"u18986-9\"><strong><br \/>IL TITOLARE DEL TRATTAMENTO<\/strong><\/p>\n<p id=\"u18986-11\">Il Titolare del trattamento dei dati personali raccolti \u00e8 Colombo&amp;Partners SRL\u00a0 P.I. 10426020961<\/p>\n<p id=\"u18986-14\"><strong><br \/>DATI RACCOLTI<\/strong><\/p>\n<p id=\"u18986-16\">Questo sito non raccoglie dati d\u2019identit\u00e0 personali.<\/p>\n<p id=\"u18986-18\">I dati personali trattati sono raccolti in quanto forniti direttamente dall\u2019interessato o forniti automaticamente.<\/p>\n<p id=\"u18986-20\">I dati forniti direttamente dall\u2019interessato sono tutti i dati personali che siano forniti al Titolare del Trattamento con qualsiasi modalit\u00e0, direttamente dall&#8217;interessato solo tramite mail. In particolare sono raccolti e trattati i seguenti dati personali:<\/p>\n<p id=\"u18986-22\">&#8211; elenco dati raccolti nome, cognome, mail, telefono<\/p>\n<p id=\"u18986-24\">I dati raccolti automaticamente sono i dati di navigazione. Tali dati, pur non essendo raccolti al fine di essere associati all\u2019identit\u00e0 dell\u2019utente, potrebbero indirettamente, mediante elaborazione e associazioni con dati raccolti dal Titolare, consentire la sua identificazione. In particolare:<\/p>\n<p id=\"u18986-26\">&#8211; elenco dati raccolti indirizzo IP e browser. In ogni caso questo sito web non cede in nessun modo queste informazioni a terze parti, non vengono analizzare e non vengono elavorate in nessun modo.<\/p>\n<p id=\"u18986-28\">In seguito all&#8217;invio di newsletter, la piattaforma utilizzata consente di rilevare l\u2019apertura di un messaggio e i clic effettuati all&#8217;interno della newsletter stessa, unitamente a dettagli relativi all&#8217;ip e al browser\/device utilizzati . La raccolta di questi dati \u00e8 fondamentale per il funzionamento dei sistemi di rinnovo implicito del trattamento (vedi la voce Modalit\u00e0 del Trattamento) e parte integrante dell&#8217;operativit\u00e0 della piattaforma di invio.<\/p>\n<p id=\"u18986-31\"><strong><br \/>BASE GIURIDICA E FINALITA\u2019 DEL TRATTAMENTO<\/strong><\/p>\n<p id=\"u18986-33\">I dati sono trattati esclusivamente per le finalit\u00e0 per le quali sono raccolti, come di seguito descritte.<\/p>\n<p id=\"u18986-35\">Utilizziamo i dati forniti dagli interessati per:<\/p>\n<p id=\"u18986-37\">\u2022 Solo e soltanto con finalit\u00e0 informativa dei servizi offerti da questa societ\u00e0.<\/p>\n<p id=\"u18986-39\">\u2022 solo in caso di specifico consenso dell\u2019utente, per permettere l\u2019adesione a servizi specifici e ulteriori quali l\u2019invio di future comunicazioni informative e promozionali via mail o mediante strumenti elettronici.<\/p>\n<p id=\"u18986-41\">Il conferimento dei dati elencati nella sezione \u201cDati Raccolti\u201d per le finalit\u00e0 di cui ai punti n. \u00e8 obbligatorio per consentire all&#8217;utente di accedere al servizio. Per tale ragione il consenso \u00e8 obbligatorio e l\u2019eventuale rifiuto al trattamento ovvero il mancato, inesatto o parziale conferimento dei dati potrebbe avere come conseguenza l\u2019impossibilit\u00e0 di una corretta erogazione del servizio.<\/p>\n<p id=\"u18986-43\">Il conferimento dei dati per le finalit\u00e0 di invio newsletter per scopi promozionali, informativi o di ricerca \u00e8 facoltativo ed il rifiuto a prestare il relativo consenso al Trattamento dar\u00e0 luogo all\u2019impossibilit\u00e0 di essere aggiornati circa iniziative commerciali e\/o campagne promozionali, di ricevere offerte o altro materiale promozionale e\/o di inviare all\u2019utente offerte personalizzate. Colombo&amp;Partners non fornisce a terze parti nessuna delle informazioni degli utenti senza il loro consenso, salvo ove richiesto dalla legge.<\/p>\n<p id=\"u18986-45\">E&#8217; in ogni caso esclusa la diffusione e il trasferimento dei dati al di fuori dello spazio UE.<\/p>\n<p id=\"u18986-48\"><strong>REVOCA DEL CONSENSO<\/strong><\/p>\n<p id=\"u18986-50\">L&#8217;interessato pu\u00f2 revocare il proprio consenso alla ricezione di comunicazioni promozionali e commerciali immediatamente, inviando richiesta all&#8217;indirizzo email info@colomboandpartners.it<\/p>\n<p id=\"u18986-53\"><strong>MODALITA\u2019 DEL TRATTAMENTO<\/strong><\/p>\n<p id=\"u18986-55\">I dati personali sono trattati con strumenti automatizzati per il tempo strettamente necessario a conseguire gli scopi per cui sono stati raccolti, prevedendo in ogni caso la verifica annuale dei dati conservati al fine di cancellare quelli ritenuti obsoleti, salvo che la legge non preveda obblighi di archiviazione.<\/p>\n<p id=\"u18986-57\">Il trattamento dei dati avviene di norma presso la sede della societ\u00e0 Colombo &amp; Partners da personale o collaboratori esterni debitamente designati quali responsabili del trattamento. L\u2019elenco completo dei responsabili del trattamento e degli Incaricati al trattamento dei dati personali pu\u00f2 essere richiesto inviando apposita richiesta all\u2019indirizzo email info@colomboandpartners.it<\/p>\n<p id=\"u18986-59\">L&#8217;iscrizione e il trattamento relativo sono ritenuti validi fino alla disiscrizione da parte dell&#8217;utente, presente in ogni email, oppure dopo 12 mesi dall&#8217;ultima comunicazione di cui abbia evidenza di interazione diretta (click, apertura, risposta).<\/p>\n<p id=\"u18986-61\">Specifiche misure di sicurezza sono osservate per prevenire la perdita dei dati, usi illeciti o non corretti ed accessi non autorizzati.<\/p>\n<p id=\"u18986-64\"><strong><br \/>DIRITTI DELL\u2019INTERESSATO<\/strong><\/p>\n<p id=\"u18986-66\">Ai sensi dell\u2019art. 7 del Codice della Privacy e dell&#8217;art. 13 GDPR ciascun utente ha diritto di ottenere la conferma dell\u2019esistenza o meno dei suoi dati personali, anche se non ancora registrati, e la loro comunicazione in forma intellegibile.<\/p>\n<p id=\"u18986-68\">In particolare, l\u2019interessato ha diritto di ottenere da info@colomboandpartners.it\u00a0 l\u2019indicazione:<\/p>\n<p id=\"u18986-70\">1. dell\u2019origine dei dati personali;<\/p>\n<p id=\"u18986-72\">2. della finalit\u00e0 e delle modalit\u00e0 di trattamento;<\/p>\n<p id=\"u18986-74\">3. della logica applicata in caso di trattamento effettuato con l\u2019ausilio di strumenti elettronici\/informatici;<\/p>\n<p id=\"u18986-76\">4. gli estremi identificativi del titolare, dei responsabili e delrappresentante designato;<\/p>\n<p id=\"u18986-78\">5. dei soggetti e delle categorie di soggetti ai quali i dati possono esserecomunicati o che possono venirne a conoscenza in qualit\u00e0 di rappresentante designato nel territorio dello Stato, di responsabili o incaricati.<\/p>\n<p id=\"u18986-80\">Inoltre l\u2019interessato ha diritto di ottenere da info@colomboandpartners.it<\/p>\n<p id=\"u18986-82\">1. l\u2019aggiornamento, la rettificazione ovvero l\u2019integrazione dei propri dati;<\/p>\n<p id=\"u18986-84\">2. la cancellazione, la trasformazione in forma anonima o il blocco dei dati trattati in violazione di legge;<\/p>\n<p id=\"u18986-86\">3. l&#8217;accesso ai propri dati e cio\u00e8 la conferma che sia o meno in corso un trattamento didati personali che lo riguardano;<\/p>\n<p id=\"u18986-88\">4. la limitazione del trattamento,<\/p>\n<p id=\"u18986-90\">5. la portabilit\u00e0 del dato, cio\u00e8 il diritto di ricevere in formato strutturato i dati personali che lo riguardano;<\/p>\n<p id=\"u18986-92\">6. diritto di reclamo all&#8217;Autorit\u00e0 di controllo.<\/p>\n<p id=\"u18986-94\">Infine l\u2019interessato ha il diritto di opporsi, in tutto o in parte, per motivi legittimi al trattamento dei dati personali che lo riguardano, ancorch\u00e9 pertinenti allo scopo della raccolta. In particolare l&#8217;interessato ha il diritto di opporsi al trattamento di dati personali che lo riguardano ai fini di invio di materiale pubblicitario commerciale o di vendita diretta o per il compimento di ricerche di mercato o di comunicazione commerciale. Le richieste di cui ai punti precedenti dovranno essere inviate via email all\u2019indirizzo info@colomboandpartners.it<\/p>\n<p id=\"u18986-96\"><strong>AGGIORNAMENTI E MODIFICHE<\/strong><\/p>\n<p id=\"u18986-98\">Colombo &amp; Partners si riserva il diritto di modificare, integrare o aggiornare periodicamente la presente Informativa in ossequio alla normativa applicabile o ai provvedimenti adottati dal Garante per la Protezione dei dati personali.<\/p>\n<p id=\"u18986-100\">Le suddette modifiche o integrazioni saranno portate a conoscenza degli interessati mediante link alla pagina di Privacy Policy presente nel sito web e saranno comunicate direttamente agli interessati a mezzo email.<\/p>\n<p id=\"u18986-102\">Invitiamo gli utenti a prendere visione della Privacy Policy con regolarit\u00e0, per verificare l\u2019Informativa aggiornata e decidere se continuare o meno ad usufruire dei servizi offerti.<\/p>\n<p id=\"u18986-107\">Copyright \u00a9 2022 Colombo &amp; Partners Srl. All rights reserved | Via Turati, 3 \u2013 20121 Milano \u2013 Italy | P.I. 10426020961<\/p>\n<p>[\/vc_column_text][\/vc_column][\/vc_row]<\/p>\n<\/div>","protected":false},"excerpt":{"rendered":"<p>[vc_row][vc_column][vc_column_text uncode_shortcode_id=&#8221;166937&#8243; text_color_type=&#8221;uncode-palette&#8221; text_color_solid=&#8221;#ff0000&#8243; border_color_type=&#8221;uncode-palette&#8221; border_color_solid=&#8221;#ff0000&#8243;] COLOMBO AND PARTNERS SRL\u00a0 P.I. 10426020961 PRIVACY POLICY La presente informativa viene resa in [&hellip;]<\/p>\n","protected":false},"author":1,"featured_media":0,"parent":0,"menu_order":0,"comment_status":"closed","ping_status":"open","template":"","meta":{"footnotes":""},"class_list":["post-3","page","type-page","status-publish","hentry"],"_links":{"self":[{"href":"https:\/\/colomboandpartners.com\/eng\/wp-json\/wp\/v2\/pages\/3","targetHints":{"allow":["GET"]}}],"collection":[{"href":"https:\/\/colomboandpartners.com\/eng\/wp-json\/wp\/v2\/pages"}],"about":[{"href":"https:\/\/colomboandpartners.com\/eng\/wp-json\/wp\/v2\/types\/page"}],"author":[{"embeddable":true,"href":"https:\/\/colomboandpartners.com\/eng\/wp-json\/wp\/v2\/users\/1"}],"replies":[{"embeddable":true,"href":"https:\/\/colomboandpartners.com\/eng\/wp-json\/wp\/v2\/comments?post=3"}],"version-history":[{"count":5,"href":"https:\/\/colomboandpartners.com\/eng\/wp-json\/wp\/v2\/pages\/3\/revisions"}],"predecessor-version":[{"id":83449,"href":"https:\/\/colomboandpartners.com\/eng\/wp-json\/wp\/v2\/pages\/3\/revisions\/83449"}],"wp:attachment":[{"href":"https:\/\/colomboandpartners.com\/eng\/wp-json\/wp\/v2\/media?parent=3"}],"curies":[{"name":"wp","href":"https:\/\/api.w.org\/{rel}","templated":true}]}}